{"id":23499,"date":"2019-10-12T00:04:32","date_gmt":"2019-10-12T00:04:32","guid":{"rendered":"http:\/\/www.dispeko.com.ar\/soluciones_y_sistemas_de_higiene\/?post_type=product&#038;p=23499"},"modified":"2019-12-19T16:25:13","modified_gmt":"2019-12-19T16:25:13","slug":"tanque-de-dilucion-codigo-rcc-60","status":"publish","type":"product","link":"https:\/\/www.fusionquimica.com.ar\/quimicos_concentrados_de_limpieza\/producto\/tanque-de-dilucion-codigo-rcc-60\/","title":{"rendered":"TANQUE DE DILUCI\u00d3N | C\u00f3digo: RCC-60"},"content":{"rendered":"<p><strong>TANQUE DE DILUCI\u00d3N:<\/strong> Permite la utilizaci\u00f3n adecuada de cada uno de los productos de Limpieza y Desinfecci\u00f3n. Su uso, es ideal en lugares donde es dif\u00edcil el control de los bidones concentrados o bien, cuando muchas personas manipulan los productos. Viene en distintas medidas. Consultar disponibilidad.<\/p>\n","protected":false},"excerpt":{"rendered":"<p>TANQUE DE DILUCI\u00d3N: Permite la utilizaci\u00f3n adecuada de cada uno de los productos de Limpieza y Desinfecci\u00f3n. Su uso, es [&hellip;]<\/p>\n","protected":false},"featured_media":23513,"template":"","meta":{"_joinchat":[]},"product_cat":[224],"product_tag":[],"class_list":{"0":"post-23499","1":"product","2":"type-product","3":"status-publish","4":"has-post-thumbnail","6":"product_cat-dispensers","7":"product-grid-view","9":"first","10":"instock","11":"taxable","12":"shipping-taxable","13":"purchasable","14":"product-type-simple"},"_links":{"self":[{"href":"https:\/\/www.fusionquimica.com.ar\/quimicos_concentrados_de_limpieza\/wp-json\/wp\/v2\/product\/23499"}],"collection":[{"href":"https:\/\/www.fusionquimica.com.ar\/quimicos_concentrados_de_limpieza\/wp-json\/wp\/v2\/product"}],"about":[{"href":"https:\/\/www.fusionquimica.com.ar\/quimicos_concentrados_de_limpieza\/wp-json\/wp\/v2\/types\/product"}],"wp:featuredmedia":[{"embeddable":true,"href":"https:\/\/www.fusionquimica.com.ar\/quimicos_concentrados_de_limpieza\/wp-json\/wp\/v2\/media\/23513"}],"wp:attachment":[{"href":"https:\/\/www.fusionquimica.com.ar\/quimicos_concentrados_de_limpieza\/wp-json\/wp\/v2\/media?parent=23499"}],"wp:term":[{"taxonomy":"product_cat","embeddable":true,"href":"https:\/\/www.fusionquimica.com.ar\/quimicos_concentrados_de_limpieza\/wp-json\/wp\/v2\/product_cat?post=23499"},{"taxonomy":"product_tag","embeddable":true,"href":"https:\/\/www.fusionquimica.com.ar\/quimicos_concentrados_de_limpieza\/wp-json\/wp\/v2\/product_tag?post=23499"}],"curies":[{"name":"wp","href":"https:\/\/api.w.org\/{rel}","templated":true}]}}