{"id":23498,"date":"2019-10-12T00:03:46","date_gmt":"2019-10-12T00:03:46","guid":{"rendered":"http:\/\/www.dispeko.com.ar\/soluciones_y_sistemas_de_higiene\/?post_type=product&#038;p=23498"},"modified":"2019-12-19T16:25:13","modified_gmt":"2019-12-19T16:25:13","slug":"secamanos-de-acero-inoxidable-por-aproximacion-codigo-ss-0001","status":"publish","type":"product","link":"https:\/\/www.fusionquimica.com.ar\/quimicos_concentrados_de_limpieza\/producto\/secamanos-de-acero-inoxidable-por-aproximacion-codigo-ss-0001\/","title":{"rendered":"SECAMANOS DE ACERO INOXIDABLE POR APROXIMACION | C\u00f3digo: SS-0001"},"content":{"rendered":"<p><strong>ESPECIFICACIONES TECNICAS:<\/strong><br \/>\nGabinete: construido en acero inoxidable esmerilado, calidad 430, espesor 0.6 mm con aletas de aspiraci\u00f3n de aire, salida de aire caliente con protecci\u00f3n met\u00e1lica. Dimensiones: Ancho: 25cm, Alto: 23.5 cm. Profundidad: 15 cm. Motor: Monof\u00e1sico o condensador permanente, servicio continuado, aislaci\u00f3n clase B. Responde normas IRAM. Potencia: 75 watts, tensi\u00f3n: 200 Volt, frecuencia: 50 Hz 2 polos. 2800 RPM. Resistencia: montada sobre soporte de micanita con siliconas. Consumo 7 A\/H. Consumo por secado 25.6 Watts. Temperatura: 60\u00f1 C a 10 cm de la boca al aire (temperatura ambiente 25\u00f1). Con protecci\u00f3n de sobrecarga de temperatura. Turbina: De gran caudal de aire: 7 m3 por minuto. Construido en pl\u00e1stico apto para altas temperaturas. Potencia 2000 Watts. Tensi\u00f3n de alimentaci\u00f3n 220 Volts. Accionamiento: Aproximaci\u00f3n: Circuito electr\u00f3nico IR (funciona al aproximar las manos al equipo) Difusor de aire: Inyectado en Zamac.<\/p>\n","protected":false},"excerpt":{"rendered":"<p>ESPECIFICACIONES TECNICAS: Gabinete: construido en acero inoxidable esmerilado, calidad 430, espesor 0.6 mm con aletas de aspiraci\u00f3n de aire, salida [&hellip;]<\/p>\n","protected":false},"featured_media":23515,"template":"","meta":{"_joinchat":[]},"product_cat":[224],"product_tag":[],"class_list":{"0":"post-23498","1":"product","2":"type-product","3":"status-publish","4":"has-post-thumbnail","6":"product_cat-dispensers","7":"product-grid-view","9":"first","10":"instock","11":"taxable","12":"shipping-taxable","13":"purchasable","14":"product-type-simple"},"_links":{"self":[{"href":"https:\/\/www.fusionquimica.com.ar\/quimicos_concentrados_de_limpieza\/wp-json\/wp\/v2\/product\/23498"}],"collection":[{"href":"https:\/\/www.fusionquimica.com.ar\/quimicos_concentrados_de_limpieza\/wp-json\/wp\/v2\/product"}],"about":[{"href":"https:\/\/www.fusionquimica.com.ar\/quimicos_concentrados_de_limpieza\/wp-json\/wp\/v2\/types\/product"}],"wp:featuredmedia":[{"embeddable":true,"href":"https:\/\/www.fusionquimica.com.ar\/quimicos_concentrados_de_limpieza\/wp-json\/wp\/v2\/media\/23515"}],"wp:attachment":[{"href":"https:\/\/www.fusionquimica.com.ar\/quimicos_concentrados_de_limpieza\/wp-json\/wp\/v2\/media?parent=23498"}],"wp:term":[{"taxonomy":"product_cat","embeddable":true,"href":"https:\/\/www.fusionquimica.com.ar\/quimicos_concentrados_de_limpieza\/wp-json\/wp\/v2\/product_cat?post=23498"},{"taxonomy":"product_tag","embeddable":true,"href":"https:\/\/www.fusionquimica.com.ar\/quimicos_concentrados_de_limpieza\/wp-json\/wp\/v2\/product_tag?post=23498"}],"curies":[{"name":"wp","href":"https:\/\/api.w.org\/{rel}","templated":true}]}}