{"id":23494,"date":"2019-10-12T00:00:52","date_gmt":"2019-10-12T00:00:52","guid":{"rendered":"http:\/\/www.dispeko.com.ar\/soluciones_y_sistemas_de_higiene\/?post_type=product&#038;p=23494"},"modified":"2019-12-19T16:25:13","modified_gmt":"2019-12-19T16:25:13","slug":"dosificadores-codigo-hi-0001","status":"publish","type":"product","link":"https:\/\/www.fusionquimica.com.ar\/quimicos_concentrados_de_limpieza\/producto\/dosificadores-codigo-hi-0001\/","title":{"rendered":"DOSIFICADORES | C\u00f3digo: HI-0001"},"content":{"rendered":"<p><strong>EQUIPO DOSIFICADOR:<\/strong> Permite la utilizaci\u00f3n adecuada de los productos qu\u00edmicos para la Limpieza y Desinfecci\u00f3n de cualquier tipo de establecimiento. Viene con sistema de regulaci\u00f3n de la dosificaci\u00f3n, mangueras para la conexi\u00f3n y v\u00e1lvula de retenci\u00f3n. El mismo se puede proveer de 1, 2 o 3 v\u00edas de acuerdo a la cantidad de qu\u00edmicos a utilizar en la estaci\u00f3n de Limpieza y Desinfecci\u00f3n. C\u00f3d. Simple: HI-0001 Doble: HI-0003 Triple: HI-0002.<\/p>\n","protected":false},"excerpt":{"rendered":"<p>EQUIPO DOSIFICADOR: Permite la utilizaci\u00f3n adecuada de los productos qu\u00edmicos para la Limpieza y Desinfecci\u00f3n de cualquier tipo de establecimiento. [&hellip;]<\/p>\n","protected":false},"featured_media":23511,"template":"","meta":{"_joinchat":[]},"product_cat":[224],"product_tag":[],"class_list":{"0":"post-23494","1":"product","2":"type-product","3":"status-publish","4":"has-post-thumbnail","6":"product_cat-dispensers","7":"product-grid-view","9":"first","10":"instock","11":"taxable","12":"shipping-taxable","13":"purchasable","14":"product-type-simple"},"_links":{"self":[{"href":"https:\/\/www.fusionquimica.com.ar\/quimicos_concentrados_de_limpieza\/wp-json\/wp\/v2\/product\/23494"}],"collection":[{"href":"https:\/\/www.fusionquimica.com.ar\/quimicos_concentrados_de_limpieza\/wp-json\/wp\/v2\/product"}],"about":[{"href":"https:\/\/www.fusionquimica.com.ar\/quimicos_concentrados_de_limpieza\/wp-json\/wp\/v2\/types\/product"}],"wp:featuredmedia":[{"embeddable":true,"href":"https:\/\/www.fusionquimica.com.ar\/quimicos_concentrados_de_limpieza\/wp-json\/wp\/v2\/media\/23511"}],"wp:attachment":[{"href":"https:\/\/www.fusionquimica.com.ar\/quimicos_concentrados_de_limpieza\/wp-json\/wp\/v2\/media?parent=23494"}],"wp:term":[{"taxonomy":"product_cat","embeddable":true,"href":"https:\/\/www.fusionquimica.com.ar\/quimicos_concentrados_de_limpieza\/wp-json\/wp\/v2\/product_cat?post=23494"},{"taxonomy":"product_tag","embeddable":true,"href":"https:\/\/www.fusionquimica.com.ar\/quimicos_concentrados_de_limpieza\/wp-json\/wp\/v2\/product_tag?post=23494"}],"curies":[{"name":"wp","href":"https:\/\/api.w.org\/{rel}","templated":true}]}}