{"id":23476,"date":"2019-10-10T19:48:50","date_gmt":"2019-10-10T19:48:50","guid":{"rendered":"http:\/\/www.dispeko.com.ar\/soluciones_y_sistemas_de_higiene\/?post_type=product&#038;p=23476"},"modified":"2019-12-19T16:25:12","modified_gmt":"2019-12-19T16:25:12","slug":"trapo-rejilla-profesional-codigo-st-0002","status":"publish","type":"product","link":"https:\/\/www.fusionquimica.com.ar\/quimicos_concentrados_de_limpieza\/producto\/trapo-rejilla-profesional-codigo-st-0002\/","title":{"rendered":"TRAPO REJILLA PROFESIONAL | C\u00f3digo: ST-0002"},"content":{"rendered":"<p>Tejido de malla doble. M\u00e1ximo Rendimiento. 100 % Algod\u00f3n. Medidas de 48 cm. X 48 cm. Pack x 12 Unidades.<\/p>\n","protected":false},"excerpt":{"rendered":"<p>Tejido de malla doble. M\u00e1ximo Rendimiento. 100 % Algod\u00f3n. Medidas de 48 cm. X 48 cm. Pack x 12 Unidades.<\/p>\n","protected":false},"featured_media":23588,"template":"","meta":{"_joinchat":[]},"product_cat":[225],"product_tag":[],"class_list":{"0":"post-23476","1":"product","2":"type-product","3":"status-publish","4":"has-post-thumbnail","6":"product_cat-insumos","7":"product-grid-view","9":"first","10":"instock","11":"taxable","12":"shipping-taxable","13":"purchasable","14":"product-type-simple"},"_links":{"self":[{"href":"https:\/\/www.fusionquimica.com.ar\/quimicos_concentrados_de_limpieza\/wp-json\/wp\/v2\/product\/23476"}],"collection":[{"href":"https:\/\/www.fusionquimica.com.ar\/quimicos_concentrados_de_limpieza\/wp-json\/wp\/v2\/product"}],"about":[{"href":"https:\/\/www.fusionquimica.com.ar\/quimicos_concentrados_de_limpieza\/wp-json\/wp\/v2\/types\/product"}],"wp:featuredmedia":[{"embeddable":true,"href":"https:\/\/www.fusionquimica.com.ar\/quimicos_concentrados_de_limpieza\/wp-json\/wp\/v2\/media\/23588"}],"wp:attachment":[{"href":"https:\/\/www.fusionquimica.com.ar\/quimicos_concentrados_de_limpieza\/wp-json\/wp\/v2\/media?parent=23476"}],"wp:term":[{"taxonomy":"product_cat","embeddable":true,"href":"https:\/\/www.fusionquimica.com.ar\/quimicos_concentrados_de_limpieza\/wp-json\/wp\/v2\/product_cat?post=23476"},{"taxonomy":"product_tag","embeddable":true,"href":"https:\/\/www.fusionquimica.com.ar\/quimicos_concentrados_de_limpieza\/wp-json\/wp\/v2\/product_tag?post=23476"}],"curies":[{"name":"wp","href":"https:\/\/api.w.org\/{rel}","templated":true}]}}