{"id":23432,"date":"2019-10-10T18:48:06","date_gmt":"2019-10-10T18:48:06","guid":{"rendered":"http:\/\/www.dispeko.com.ar\/soluciones_y_sistemas_de_higiene\/?post_type=product&#038;p=23432"},"modified":"2019-12-19T16:25:07","modified_gmt":"2019-12-19T16:25:07","slug":"fibras-esponjas-estropajos-codigo-ins-017","status":"publish","type":"product","link":"https:\/\/www.fusionquimica.com.ar\/quimicos_concentrados_de_limpieza\/producto\/fibras-esponjas-estropajos-codigo-ins-017\/","title":{"rendered":"FIBRAS, ESPONJAS, ESTROPAJOS | C\u00f3digo: INS-017"},"content":{"rendered":"<p>Esponja de Acero &#8211; C\u00f3d. MA-0013<\/p>\n<p>Esponja de Bronce &#8211; C\u00f3d. MA-0038<\/p>\n<p>Estropajo de Acero Com\u00fan &#8211; C\u00f3d. MA-0016<\/p>\n<p>Estropajo de Acero Extra Grande &#8211; C\u00f3d. IN-0090<\/p>\n<p>Fibra esponja &#8211; C\u00f3d. YA-0002<\/p>\n<p>Fibra Esponj\u00f3n &#8211; C\u00f3d. IN-0048<\/p>\n<p>Fibra Parrillera 3M &#8211; C\u00f3d. ES-0081<\/p>\n<p>Fibra Parrillera Fina &#8211; C\u00f3d. Es-0084<\/p>\n<p>Virulana en rollo &#8211; C\u00f3d. JA-0009<\/p>\n","protected":false},"excerpt":{"rendered":"<p>Esponja de Acero &#8211; C\u00f3d. MA-0013 Esponja de Bronce &#8211; C\u00f3d. MA-0038 Estropajo de Acero Com\u00fan &#8211; C\u00f3d. MA-0016 Estropajo [&hellip;]<\/p>\n","protected":false},"featured_media":23568,"template":"","meta":{"_joinchat":[]},"product_cat":[225],"product_tag":[],"class_list":{"0":"post-23432","1":"product","2":"type-product","3":"status-publish","4":"has-post-thumbnail","6":"product_cat-insumos","7":"product-grid-view","9":"first","10":"instock","11":"taxable","12":"shipping-taxable","13":"purchasable","14":"product-type-simple"},"_links":{"self":[{"href":"https:\/\/www.fusionquimica.com.ar\/quimicos_concentrados_de_limpieza\/wp-json\/wp\/v2\/product\/23432"}],"collection":[{"href":"https:\/\/www.fusionquimica.com.ar\/quimicos_concentrados_de_limpieza\/wp-json\/wp\/v2\/product"}],"about":[{"href":"https:\/\/www.fusionquimica.com.ar\/quimicos_concentrados_de_limpieza\/wp-json\/wp\/v2\/types\/product"}],"wp:featuredmedia":[{"embeddable":true,"href":"https:\/\/www.fusionquimica.com.ar\/quimicos_concentrados_de_limpieza\/wp-json\/wp\/v2\/media\/23568"}],"wp:attachment":[{"href":"https:\/\/www.fusionquimica.com.ar\/quimicos_concentrados_de_limpieza\/wp-json\/wp\/v2\/media?parent=23432"}],"wp:term":[{"taxonomy":"product_cat","embeddable":true,"href":"https:\/\/www.fusionquimica.com.ar\/quimicos_concentrados_de_limpieza\/wp-json\/wp\/v2\/product_cat?post=23432"},{"taxonomy":"product_tag","embeddable":true,"href":"https:\/\/www.fusionquimica.com.ar\/quimicos_concentrados_de_limpieza\/wp-json\/wp\/v2\/product_tag?post=23432"}],"curies":[{"name":"wp","href":"https:\/\/api.w.org\/{rel}","templated":true}]}}