{"id":23422,"date":"2019-10-10T18:37:37","date_gmt":"2019-10-10T18:37:37","guid":{"rendered":"http:\/\/www.dispeko.com.ar\/soluciones_y_sistemas_de_higiene\/?post_type=product&#038;p=23422"},"modified":"2019-12-19T16:25:07","modified_gmt":"2019-12-19T16:25:07","slug":"escoba-sophia-poliester-codigo-es-0058","status":"publish","type":"product","link":"https:\/\/www.fusionquimica.com.ar\/quimicos_concentrados_de_limpieza\/producto\/escoba-sophia-poliester-codigo-es-0058\/","title":{"rendered":"ESCOBA SOPHIA POLI\u00c9STER | C\u00f3digo: ES-0058"},"content":{"rendered":"<p>Escoba de Poli\u00e9ster Reforzada. Mayor durabilidad y resistencia. Color Verde, rojo y azul.<\/p>\n","protected":false},"excerpt":{"rendered":"<p>Escoba de Poli\u00e9ster Reforzada. Mayor durabilidad y resistencia. Color Verde, rojo y azul.<\/p>\n","protected":false},"featured_media":23535,"template":"","meta":{"_joinchat":[]},"product_cat":[225],"product_tag":[],"class_list":{"0":"post-23422","1":"product","2":"type-product","3":"status-publish","4":"has-post-thumbnail","6":"product_cat-insumos","7":"product-grid-view","9":"first","10":"instock","11":"taxable","12":"shipping-taxable","13":"purchasable","14":"product-type-simple"},"_links":{"self":[{"href":"https:\/\/www.fusionquimica.com.ar\/quimicos_concentrados_de_limpieza\/wp-json\/wp\/v2\/product\/23422"}],"collection":[{"href":"https:\/\/www.fusionquimica.com.ar\/quimicos_concentrados_de_limpieza\/wp-json\/wp\/v2\/product"}],"about":[{"href":"https:\/\/www.fusionquimica.com.ar\/quimicos_concentrados_de_limpieza\/wp-json\/wp\/v2\/types\/product"}],"wp:featuredmedia":[{"embeddable":true,"href":"https:\/\/www.fusionquimica.com.ar\/quimicos_concentrados_de_limpieza\/wp-json\/wp\/v2\/media\/23535"}],"wp:attachment":[{"href":"https:\/\/www.fusionquimica.com.ar\/quimicos_concentrados_de_limpieza\/wp-json\/wp\/v2\/media?parent=23422"}],"wp:term":[{"taxonomy":"product_cat","embeddable":true,"href":"https:\/\/www.fusionquimica.com.ar\/quimicos_concentrados_de_limpieza\/wp-json\/wp\/v2\/product_cat?post=23422"},{"taxonomy":"product_tag","embeddable":true,"href":"https:\/\/www.fusionquimica.com.ar\/quimicos_concentrados_de_limpieza\/wp-json\/wp\/v2\/product_tag?post=23422"}],"curies":[{"name":"wp","href":"https:\/\/api.w.org\/{rel}","templated":true}]}}