{"id":23343,"date":"2019-10-10T14:54:01","date_gmt":"2019-10-10T14:54:01","guid":{"rendered":"http:\/\/www.dispeko.com.ar\/soluciones_y_sistemas_de_higiene\/?post_type=product&#038;p=23343"},"modified":"2019-12-19T16:24:57","modified_gmt":"2019-12-19T16:24:57","slug":"abrillantador-lavavajilla-codigo-ve-0049","status":"publish","type":"product","link":"https:\/\/www.fusionquimica.com.ar\/quimicos_concentrados_de_limpieza\/producto\/abrillantador-lavavajilla-codigo-ve-0049\/","title":{"rendered":"ABRILLANTADOR LAVAVAJILLA | C\u00f3digo: VE-0049"},"content":{"rendered":"<p><strong>GENERALIDADES:<\/strong>\u00a0Producto especialmente formulado a base de tensioactivos no i\u00f3nicos, destinado a acelerar el secado de los utensilios lavados mec\u00e1nicamente a trav\u00e9s de cualquier m\u00e1quina lavavajilla convencional, reduciendo la tensi\u00f3n superficial sin producir espuma.<\/p>\n<p><strong>DOSIFICACI\u00d3N:<\/strong>\u00a0La aplicaci\u00f3n de Abrillantador Lavavajillas solo es posible a trav\u00e9s de dosificadores de alta precisi\u00f3n para una dosificaci\u00f3n en ppm.<\/p>\n<p><strong>PRESENTACI\u00d3N:<\/strong>\u00a0Caja por 4 Bidones de 5 litros.<\/p>\n<p><strong>PRECAUCIONES:<\/strong>\u00a0Caustico. Da\u00f1ina o fatal su ingesti\u00f3n. Se recomienda el uso de guantes, protecci\u00f3n ocular y delantal para su manipulaci\u00f3n.<\/p>\n","protected":false},"excerpt":{"rendered":"<p><strong>PRESENTACI\u00d3N:<\/strong>\u00a0Caja por 4 Bidones de 5 litros.<\/p>\n","protected":false},"featured_media":23631,"template":"","meta":{"_joinchat":[]},"product_cat":[229,86],"product_tag":[],"class_list":{"0":"post-23343","1":"product","2":"type-product","3":"status-publish","4":"has-post-thumbnail","6":"product_cat-maquinas-lavavajillas","7":"product_cat-quimicos-concentrados","8":"product-grid-view","10":"first","11":"instock","12":"taxable","13":"shipping-taxable","14":"purchasable","15":"product-type-simple"},"_links":{"self":[{"href":"https:\/\/www.fusionquimica.com.ar\/quimicos_concentrados_de_limpieza\/wp-json\/wp\/v2\/product\/23343"}],"collection":[{"href":"https:\/\/www.fusionquimica.com.ar\/quimicos_concentrados_de_limpieza\/wp-json\/wp\/v2\/product"}],"about":[{"href":"https:\/\/www.fusionquimica.com.ar\/quimicos_concentrados_de_limpieza\/wp-json\/wp\/v2\/types\/product"}],"wp:featuredmedia":[{"embeddable":true,"href":"https:\/\/www.fusionquimica.com.ar\/quimicos_concentrados_de_limpieza\/wp-json\/wp\/v2\/media\/23631"}],"wp:attachment":[{"href":"https:\/\/www.fusionquimica.com.ar\/quimicos_concentrados_de_limpieza\/wp-json\/wp\/v2\/media?parent=23343"}],"wp:term":[{"taxonomy":"product_cat","embeddable":true,"href":"https:\/\/www.fusionquimica.com.ar\/quimicos_concentrados_de_limpieza\/wp-json\/wp\/v2\/product_cat?post=23343"},{"taxonomy":"product_tag","embeddable":true,"href":"https:\/\/www.fusionquimica.com.ar\/quimicos_concentrados_de_limpieza\/wp-json\/wp\/v2\/product_tag?post=23343"}],"curies":[{"name":"wp","href":"https:\/\/api.w.org\/{rel}","templated":true}]}}