{"id":23342,"date":"2019-10-10T14:52:50","date_gmt":"2019-10-10T14:52:50","guid":{"rendered":"http:\/\/www.dispeko.com.ar\/soluciones_y_sistemas_de_higiene\/?post_type=product&#038;p=23342"},"modified":"2019-12-19T16:24:57","modified_gmt":"2019-12-19T16:24:57","slug":"lavandina-en-gel-codigo-ve-0146","status":"publish","type":"product","link":"https:\/\/www.fusionquimica.com.ar\/quimicos_concentrados_de_limpieza\/producto\/lavandina-en-gel-codigo-ve-0146\/","title":{"rendered":"LAVANDINA EN GEL | C\u00f3digo: VE-0146"},"content":{"rendered":"<p><strong>GENERALIDADES:<\/strong>\u00a0Agente limpiador desinfectante. Limpiador. Ideal para ambientes y condiciones con alto riesgo de infecci\u00f3n y contaminaci\u00f3n que requieren la protecci\u00f3n de un bactericida, microbicida y fungicida. Para uso en mesadas de trabajo, ba\u00f1os, cocinas, pisos, etc. Por su consistencia de gel, permite permanecer en la superficie m\u00e1s tiempo, logrando mayor acci\u00f3n y rendimiento.<\/p>\n<p><strong>DOSIFICACI\u00d3N:<\/strong>\u00a0Diluir 1 litro de producto en 40 litros de agua para la desinfecci\u00f3n. Para blanquear, 1 litro de producto en 5 a 15 litros de agua seg\u00fan tiempo de acci\u00f3n.<\/p>\n<p><strong>PRESENTACI\u00d3N:<\/strong>\u00a0Caja por 4 Bidones de 5 litros o 12 Botellas x 1 Litro.<\/p>\n<p><strong>PRECAUCIONES:<\/strong>\u00a0Caustico. Usar Guantes. NO mezclar con otros productos qu\u00edmicos.<\/p>\n","protected":false},"excerpt":{"rendered":"<p><strong>PRESENTACI\u00d3N:<\/strong>\u00a0Caja por 4 Bidones de 5 litros o 12 Botellas x 1 Litro.<\/p>\n","protected":false},"featured_media":23644,"template":"","meta":{"_joinchat":[]},"product_cat":[228,86],"product_tag":[],"class_list":{"0":"post-23342","1":"product","2":"type-product","3":"status-publish","4":"has-post-thumbnail","6":"product_cat-desinfeccion-de-verduras","7":"product_cat-quimicos-concentrados","8":"product-grid-view","10":"first","11":"instock","12":"taxable","13":"shipping-taxable","14":"purchasable","15":"product-type-simple"},"_links":{"self":[{"href":"https:\/\/www.fusionquimica.com.ar\/quimicos_concentrados_de_limpieza\/wp-json\/wp\/v2\/product\/23342"}],"collection":[{"href":"https:\/\/www.fusionquimica.com.ar\/quimicos_concentrados_de_limpieza\/wp-json\/wp\/v2\/product"}],"about":[{"href":"https:\/\/www.fusionquimica.com.ar\/quimicos_concentrados_de_limpieza\/wp-json\/wp\/v2\/types\/product"}],"wp:featuredmedia":[{"embeddable":true,"href":"https:\/\/www.fusionquimica.com.ar\/quimicos_concentrados_de_limpieza\/wp-json\/wp\/v2\/media\/23644"}],"wp:attachment":[{"href":"https:\/\/www.fusionquimica.com.ar\/quimicos_concentrados_de_limpieza\/wp-json\/wp\/v2\/media?parent=23342"}],"wp:term":[{"taxonomy":"product_cat","embeddable":true,"href":"https:\/\/www.fusionquimica.com.ar\/quimicos_concentrados_de_limpieza\/wp-json\/wp\/v2\/product_cat?post=23342"},{"taxonomy":"product_tag","embeddable":true,"href":"https:\/\/www.fusionquimica.com.ar\/quimicos_concentrados_de_limpieza\/wp-json\/wp\/v2\/product_tag?post=23342"}],"curies":[{"name":"wp","href":"https:\/\/api.w.org\/{rel}","templated":true}]}}