{"id":23333,"date":"2019-10-10T14:41:39","date_gmt":"2019-10-10T14:41:39","guid":{"rendered":"http:\/\/www.dispeko.com.ar\/soluciones_y_sistemas_de_higiene\/?post_type=product&#038;p=23333"},"modified":"2019-12-19T16:24:55","modified_gmt":"2019-12-19T16:24:55","slug":"aminas-terciarias-codigo-ve-0325","status":"publish","type":"product","link":"https:\/\/www.fusionquimica.com.ar\/quimicos_concentrados_de_limpieza\/producto\/aminas-terciarias-codigo-ve-0325\/","title":{"rendered":"AMINAS TERCIARIAS | C\u00f3digo: VE-0325"},"content":{"rendered":"<p><strong>GENERALIDADES:<\/strong>\u00a0Tensioactivo bactericida para la desinfecci\u00f3n de superficies en la Industria Alimenticia, Frigor\u00edfica, L\u00e1ctea, de Bebidas y Afines, as\u00ed como en \u00e1reas de producci\u00f3n de la Industria Farmac\u00e9utica.<\/p>\n<p>Biosida basado en Alquil Diazapropano y Alquil Diazapentano. NAMECIDE T- 102, ha sido ampliamente ensayado, habiendo demostrado que posee una fuerte actividad en contra de bacterias gram- positivas y gram-negativas, incluyendo bacterias pat\u00f3genas de Salmonella, Campylobacter, especies de Listeria, Levaduras y Hongos.<\/p>\n<p><strong>DOSIFICACI\u00d3N:<\/strong>\u00a0Oscila entre el 1 % hasta el 2 % con un tiempo de acci\u00f3n m\u00ednimo de 10 minutos. Se recomienda aplicar con pulverizador o mochila dosificadora.<\/p>\n<p><strong>PRESENTACI\u00d3N:<\/strong>\u00a0Bid\u00f3n por 20 litros.<\/p>\n<p><strong>PRECAUCIONES:<\/strong>\u00a0Usar guantes.<\/p>\n","protected":false},"excerpt":{"rendered":"<p><strong>PRESENTACI\u00d3N:<\/strong>\u00a0Bid\u00f3n por 20 litros.<\/p>\n","protected":false},"featured_media":23654,"template":"","meta":{"_joinchat":[]},"product_cat":[228,86],"product_tag":[],"class_list":{"0":"post-23333","1":"product","2":"type-product","3":"status-publish","4":"has-post-thumbnail","6":"product_cat-desinfeccion-de-verduras","7":"product_cat-quimicos-concentrados","8":"product-grid-view","10":"first","11":"instock","12":"taxable","13":"shipping-taxable","14":"purchasable","15":"product-type-simple"},"_links":{"self":[{"href":"https:\/\/www.fusionquimica.com.ar\/quimicos_concentrados_de_limpieza\/wp-json\/wp\/v2\/product\/23333"}],"collection":[{"href":"https:\/\/www.fusionquimica.com.ar\/quimicos_concentrados_de_limpieza\/wp-json\/wp\/v2\/product"}],"about":[{"href":"https:\/\/www.fusionquimica.com.ar\/quimicos_concentrados_de_limpieza\/wp-json\/wp\/v2\/types\/product"}],"wp:featuredmedia":[{"embeddable":true,"href":"https:\/\/www.fusionquimica.com.ar\/quimicos_concentrados_de_limpieza\/wp-json\/wp\/v2\/media\/23654"}],"wp:attachment":[{"href":"https:\/\/www.fusionquimica.com.ar\/quimicos_concentrados_de_limpieza\/wp-json\/wp\/v2\/media?parent=23333"}],"wp:term":[{"taxonomy":"product_cat","embeddable":true,"href":"https:\/\/www.fusionquimica.com.ar\/quimicos_concentrados_de_limpieza\/wp-json\/wp\/v2\/product_cat?post=23333"},{"taxonomy":"product_tag","embeddable":true,"href":"https:\/\/www.fusionquimica.com.ar\/quimicos_concentrados_de_limpieza\/wp-json\/wp\/v2\/product_tag?post=23333"}],"curies":[{"name":"wp","href":"https:\/\/api.w.org\/{rel}","templated":true}]}}