{"id":23326,"date":"2019-10-10T14:32:09","date_gmt":"2019-10-10T14:32:09","guid":{"rendered":"http:\/\/www.dispeko.com.ar\/soluciones_y_sistemas_de_higiene\/?post_type=product&#038;p=23326"},"modified":"2019-12-19T16:24:55","modified_gmt":"2019-12-19T16:24:55","slug":"jabon-liquido-bactericida-codigo-ve-0038","status":"publish","type":"product","link":"https:\/\/www.fusionquimica.com.ar\/quimicos_concentrados_de_limpieza\/producto\/jabon-liquido-bactericida-codigo-ve-0038\/","title":{"rendered":"JAB\u00d3N L\u00cdQUIDO BACTERICIDA | C\u00f3digo: VE-0038"},"content":{"rendered":"<p><strong>GENERALIDADES:<\/strong>\u00a0El jab\u00f3n l\u00edquido bactericida est\u00e1 especialmente formulado para aquellas personas que necesitan una limpieza y sanitizaci\u00f3n profunda para desarrollar sus tareas como: trabajadores de la salud, operarios de especialidades medicinales,etc. Limpia y reduce la presencia de microbios, g\u00e9rmenes, bacterias, virus, etc. con total seguridad.<\/p>\n<p><strong>DOSIFICACI\u00d3N:<\/strong>\u00a0PURO.<\/p>\n<p><strong>PRESENTACI\u00d3N:<\/strong>\u00a0Caja por 4 Bidones de 5 litros.<\/p>\n","protected":false},"excerpt":{"rendered":"<p><strong>PRESENTACI\u00d3N:<\/strong>\u00a0Caja por 4 Bidones de 5 litros.<\/p>\n","protected":false},"featured_media":23622,"template":"","meta":{"_joinchat":[]},"product_cat":[227,86],"product_tag":[],"class_list":{"0":"post-23326","1":"product","2":"type-product","3":"status-publish","4":"has-post-thumbnail","6":"product_cat-asepsia-de-manos","7":"product_cat-quimicos-concentrados","8":"product-grid-view","10":"first","11":"instock","12":"taxable","13":"shipping-taxable","14":"purchasable","15":"product-type-simple"},"_links":{"self":[{"href":"https:\/\/www.fusionquimica.com.ar\/quimicos_concentrados_de_limpieza\/wp-json\/wp\/v2\/product\/23326"}],"collection":[{"href":"https:\/\/www.fusionquimica.com.ar\/quimicos_concentrados_de_limpieza\/wp-json\/wp\/v2\/product"}],"about":[{"href":"https:\/\/www.fusionquimica.com.ar\/quimicos_concentrados_de_limpieza\/wp-json\/wp\/v2\/types\/product"}],"wp:featuredmedia":[{"embeddable":true,"href":"https:\/\/www.fusionquimica.com.ar\/quimicos_concentrados_de_limpieza\/wp-json\/wp\/v2\/media\/23622"}],"wp:attachment":[{"href":"https:\/\/www.fusionquimica.com.ar\/quimicos_concentrados_de_limpieza\/wp-json\/wp\/v2\/media?parent=23326"}],"wp:term":[{"taxonomy":"product_cat","embeddable":true,"href":"https:\/\/www.fusionquimica.com.ar\/quimicos_concentrados_de_limpieza\/wp-json\/wp\/v2\/product_cat?post=23326"},{"taxonomy":"product_tag","embeddable":true,"href":"https:\/\/www.fusionquimica.com.ar\/quimicos_concentrados_de_limpieza\/wp-json\/wp\/v2\/product_tag?post=23326"}],"curies":[{"name":"wp","href":"https:\/\/api.w.org\/{rel}","templated":true}]}}