{"id":23324,"date":"2019-10-10T14:19:27","date_gmt":"2019-10-10T14:19:27","guid":{"rendered":"http:\/\/www.dispeko.com.ar\/soluciones_y_sistemas_de_higiene\/?post_type=product&#038;p=23324"},"modified":"2019-12-19T16:24:55","modified_gmt":"2019-12-19T16:24:55","slug":"gel-alcoholico-bactericida-codigo-ve-0031","status":"publish","type":"product","link":"https:\/\/www.fusionquimica.com.ar\/quimicos_concentrados_de_limpieza\/producto\/gel-alcoholico-bactericida-codigo-ve-0031\/","title":{"rendered":"GEL ALCOH\u00d3LICO BACTERICIDA | C\u00f3digo: VE-0031"},"content":{"rendered":"<p><strong>GENERALIDADES:<\/strong>\u00a0Limpieza y sanitizaci\u00f3n de manos y antebrazos. De evaporaci\u00f3n instant\u00e1nea. No seca o irrita la piel. Para uso previo al ingreso a la sala de procesamiento de alimentos.<\/p>\n<p><strong>DOSIFICACI\u00d3N:<\/strong>\u00a0PURO.<\/p>\n<p><strong>PRESENTACI\u00d3N:<\/strong>\u00a0Caja por 4 Bidones de 5 litros.<\/p>\n<p>Los precios pueden ser modificados sin previo aviso!<\/p>\n<h4><span style=\"color: #0000ff;\"><strong>S\u00ed desea m\u00e1s informaci\u00f3n sobre este y otros productos,<\/strong><\/span><br \/>\n<span style=\"color: #0000ff;\"><strong>o soporte para comprar, comun\u00edquese con el departamento de ventas.<\/strong><\/span><\/h4>\n<h4><span style=\"color: #0000ff;\"><a class=\"bFlecha\" style=\"color: #0000ff;\" href=\"mailto:ventas@dispeko.com\">ventas@dispeko.com<\/a><\/span><\/h4>\n","protected":false},"excerpt":{"rendered":"<p><strong>PRESENTACI\u00d3N:<\/strong>\u00a0Caja por 4 Bidones de 5 litros.<\/p>\n","protected":false},"featured_media":23618,"template":"","meta":{"_joinchat":[]},"product_cat":[227,86],"product_tag":[],"class_list":{"0":"post-23324","1":"product","2":"type-product","3":"status-publish","4":"has-post-thumbnail","6":"product_cat-asepsia-de-manos","7":"product_cat-quimicos-concentrados","8":"product-grid-view","10":"first","11":"instock","12":"taxable","13":"shipping-taxable","14":"purchasable","15":"product-type-simple"},"_links":{"self":[{"href":"https:\/\/www.fusionquimica.com.ar\/quimicos_concentrados_de_limpieza\/wp-json\/wp\/v2\/product\/23324"}],"collection":[{"href":"https:\/\/www.fusionquimica.com.ar\/quimicos_concentrados_de_limpieza\/wp-json\/wp\/v2\/product"}],"about":[{"href":"https:\/\/www.fusionquimica.com.ar\/quimicos_concentrados_de_limpieza\/wp-json\/wp\/v2\/types\/product"}],"wp:featuredmedia":[{"embeddable":true,"href":"https:\/\/www.fusionquimica.com.ar\/quimicos_concentrados_de_limpieza\/wp-json\/wp\/v2\/media\/23618"}],"wp:attachment":[{"href":"https:\/\/www.fusionquimica.com.ar\/quimicos_concentrados_de_limpieza\/wp-json\/wp\/v2\/media?parent=23324"}],"wp:term":[{"taxonomy":"product_cat","embeddable":true,"href":"https:\/\/www.fusionquimica.com.ar\/quimicos_concentrados_de_limpieza\/wp-json\/wp\/v2\/product_cat?post=23324"},{"taxonomy":"product_tag","embeddable":true,"href":"https:\/\/www.fusionquimica.com.ar\/quimicos_concentrados_de_limpieza\/wp-json\/wp\/v2\/product_tag?post=23324"}],"curies":[{"name":"wp","href":"https:\/\/api.w.org\/{rel}","templated":true}]}}