{"id":23321,"date":"2019-10-10T13:47:10","date_gmt":"2019-10-10T13:47:10","guid":{"rendered":"http:\/\/www.dispeko.com.ar\/soluciones_y_sistemas_de_higiene\/?post_type=product&#038;p=23321"},"modified":"2019-12-19T16:24:55","modified_gmt":"2019-12-19T16:24:55","slug":"limpiador-clorado-espumigeno-frigorifico-codigo-ve-0324","status":"publish","type":"product","link":"https:\/\/www.fusionquimica.com.ar\/quimicos_concentrados_de_limpieza\/producto\/limpiador-clorado-espumigeno-frigorifico-codigo-ve-0324\/","title":{"rendered":"LIMPIADOR CLORADO ESPUM\u00cdGENO &#8211; FRIGORIFICO | C\u00f3digo: VE-0324"},"content":{"rendered":"<p><strong>GENERALIDADES:<\/strong><br \/>\nEspecialmente formulado para la limpieza general de la industria alimenticia, frigor\u00edficos, gastronom\u00eda, industria l\u00e1ctea, etc. Es un eficaz agente limpiador de efecto m\u00faltiple. Remueve suciedades.<\/p>\n<p><strong>DOSIFICACI\u00d3N:<\/strong>\u00a0Como Limpiador Clorado para su uso en superficies inertes en establecimientos habilitados por SENASA. Se recomienda su aplicaci\u00f3n con equipo generador de espuma. La concentraci\u00f3n de uso oscila entre el 4 y 10 %, seg\u00fan tipo de suciedad.<\/p>\n<p><strong>PRESENTACI\u00d3N:<\/strong>\u00a0Caja por 4 Bidones de 5 litros.<\/p>\n<p><strong>PRECAUCIONES:<\/strong> Usar guantes.<\/p>\n<p>Los precios pueden ser modificados sin previo aviso!<\/p>\n<h4><span style=\"color: #0000ff;\"><strong>S\u00ed desea m\u00e1s informaci\u00f3n sobre este y otros productos,<\/strong><\/span><br \/>\n<span style=\"color: #0000ff;\"><strong>o soporte para comprar, comun\u00edquese con el departamento de ventas.<\/strong><\/span><\/h4>\n<h4><span style=\"color: #0000ff;\"><a class=\"bFlecha\" style=\"color: #0000ff;\" href=\"mailto:ventas@dispeko.com\">ventas@dispeko.com<\/a><\/span><\/h4>\n","protected":false},"excerpt":{"rendered":"<p><strong>PRESENTACI\u00d3N:<\/strong>\u00a0Caja por 4 Bidones de 5 litros.<\/p>\n","protected":false},"featured_media":23653,"template":"","meta":{"_joinchat":[]},"product_cat":[226,86],"product_tag":[],"class_list":{"0":"post-23321","1":"product","2":"type-product","3":"status-publish","4":"has-post-thumbnail","6":"product_cat-area-limpieza-general","7":"product_cat-quimicos-concentrados","8":"product-grid-view","10":"first","11":"instock","12":"taxable","13":"shipping-taxable","14":"purchasable","15":"product-type-simple"},"_links":{"self":[{"href":"https:\/\/www.fusionquimica.com.ar\/quimicos_concentrados_de_limpieza\/wp-json\/wp\/v2\/product\/23321"}],"collection":[{"href":"https:\/\/www.fusionquimica.com.ar\/quimicos_concentrados_de_limpieza\/wp-json\/wp\/v2\/product"}],"about":[{"href":"https:\/\/www.fusionquimica.com.ar\/quimicos_concentrados_de_limpieza\/wp-json\/wp\/v2\/types\/product"}],"wp:featuredmedia":[{"embeddable":true,"href":"https:\/\/www.fusionquimica.com.ar\/quimicos_concentrados_de_limpieza\/wp-json\/wp\/v2\/media\/23653"}],"wp:attachment":[{"href":"https:\/\/www.fusionquimica.com.ar\/quimicos_concentrados_de_limpieza\/wp-json\/wp\/v2\/media?parent=23321"}],"wp:term":[{"taxonomy":"product_cat","embeddable":true,"href":"https:\/\/www.fusionquimica.com.ar\/quimicos_concentrados_de_limpieza\/wp-json\/wp\/v2\/product_cat?post=23321"},{"taxonomy":"product_tag","embeddable":true,"href":"https:\/\/www.fusionquimica.com.ar\/quimicos_concentrados_de_limpieza\/wp-json\/wp\/v2\/product_tag?post=23321"}],"curies":[{"name":"wp","href":"https:\/\/api.w.org\/{rel}","templated":true}]}}