{"id":23315,"date":"2019-10-10T13:17:21","date_gmt":"2019-10-10T13:17:21","guid":{"rendered":"http:\/\/www.dispeko.com.ar\/soluciones_y_sistemas_de_higiene\/?post_type=product&#038;p=23315"},"modified":"2019-12-19T16:24:54","modified_gmt":"2019-12-19T16:24:54","slug":"desengrasante-caustico-codigo-ve-0053","status":"publish","type":"product","link":"https:\/\/www.fusionquimica.com.ar\/quimicos_concentrados_de_limpieza\/producto\/desengrasante-caustico-codigo-ve-0053\/","title":{"rendered":"DESENGRASANTE CA\u00daSTICO | C\u00f3digo: VE-0053"},"content":{"rendered":"<p><strong>GENERALIDADES:<\/strong><br \/>\nDesengrasante alcalino para limpieza industrial. encuentra su mejor aplicaci\u00f3n para destapar ca\u00f1er\u00edas, limpiar grasas fuertes vegetales y\/o animales. Soluci\u00f3n de Hidr\u00f3xido de Sodio al 48 %.<\/p>\n<p><strong>DOSIFICACI\u00d3N:<\/strong>\u00a01 litro de producto en 10 a 100 litros de agua.<\/p>\n<p><strong>PRESENTACI\u00d3N:<\/strong>\u00a0Caja por 4 Bidones de 5 litros.<\/p>\n<p><strong>PRECAUCIONES: PELIGRO CAUSTICO.<\/strong> Causa quemaduras, usar guantes, protecci\u00f3n ocular y delantal para su manipulaci\u00f3n.<\/p>\n","protected":false},"excerpt":{"rendered":"<p>GENERALIDADES: Desengrasante alcalino para limpieza industrial. encuentra su mejor aplicaci\u00f3n para destapar ca\u00f1er\u00edas, limpiar grasas fuertes vegetales y\/o animales. Soluci\u00f3n [&hellip;]<\/p>\n","protected":false},"featured_media":23634,"template":"","meta":{"_joinchat":[]},"product_cat":[226,86],"product_tag":[],"class_list":{"0":"post-23315","1":"product","2":"type-product","3":"status-publish","4":"has-post-thumbnail","6":"product_cat-area-limpieza-general","7":"product_cat-quimicos-concentrados","8":"product-grid-view","10":"first","11":"instock","12":"taxable","13":"shipping-taxable","14":"purchasable","15":"product-type-simple"},"_links":{"self":[{"href":"https:\/\/www.fusionquimica.com.ar\/quimicos_concentrados_de_limpieza\/wp-json\/wp\/v2\/product\/23315"}],"collection":[{"href":"https:\/\/www.fusionquimica.com.ar\/quimicos_concentrados_de_limpieza\/wp-json\/wp\/v2\/product"}],"about":[{"href":"https:\/\/www.fusionquimica.com.ar\/quimicos_concentrados_de_limpieza\/wp-json\/wp\/v2\/types\/product"}],"wp:featuredmedia":[{"embeddable":true,"href":"https:\/\/www.fusionquimica.com.ar\/quimicos_concentrados_de_limpieza\/wp-json\/wp\/v2\/media\/23634"}],"wp:attachment":[{"href":"https:\/\/www.fusionquimica.com.ar\/quimicos_concentrados_de_limpieza\/wp-json\/wp\/v2\/media?parent=23315"}],"wp:term":[{"taxonomy":"product_cat","embeddable":true,"href":"https:\/\/www.fusionquimica.com.ar\/quimicos_concentrados_de_limpieza\/wp-json\/wp\/v2\/product_cat?post=23315"},{"taxonomy":"product_tag","embeddable":true,"href":"https:\/\/www.fusionquimica.com.ar\/quimicos_concentrados_de_limpieza\/wp-json\/wp\/v2\/product_tag?post=23315"}],"curies":[{"name":"wp","href":"https:\/\/api.w.org\/{rel}","templated":true}]}}