{"id":21583,"date":"2018-06-16T11:37:19","date_gmt":"2018-06-16T11:37:19","guid":{"rendered":"http:\/\/www.lajaboneriacentral.com\/quimicos\/?post_type=product&#038;p=21583"},"modified":"2020-05-15T02:10:29","modified_gmt":"2020-05-15T02:10:29","slug":"jabon-liquido-eco-verde-2","status":"publish","type":"product","link":"https:\/\/www.fusionquimica.com.ar\/quimicos_concentrados_de_limpieza\/producto\/jabon-liquido-eco-verde-2\/","title":{"rendered":"Jab\u00f3n l\u00edquido eco verde"},"content":{"rendered":"","protected":false},"excerpt":{"rendered":"<p>Jab\u00f3n l\u00edquido eco verde en bid\u00f3n de 5 litros.<\/p>\n","protected":false},"featured_media":0,"template":"","meta":{"_joinchat":[]},"product_cat":[192,114,72],"product_tag":[],"class_list":{"0":"post-21583","1":"product","2":"type-product","3":"status-publish","5":"product_cat-productos-para-lavaderos","6":"product_cat-linea-economica-2","7":"product_cat-productos-a-granel","8":"product-grid-view","10":"first","11":"instock","12":"taxable","13":"shipping-taxable","14":"purchasable","15":"product-type-simple"},"_links":{"self":[{"href":"https:\/\/www.fusionquimica.com.ar\/quimicos_concentrados_de_limpieza\/wp-json\/wp\/v2\/product\/21583"}],"collection":[{"href":"https:\/\/www.fusionquimica.com.ar\/quimicos_concentrados_de_limpieza\/wp-json\/wp\/v2\/product"}],"about":[{"href":"https:\/\/www.fusionquimica.com.ar\/quimicos_concentrados_de_limpieza\/wp-json\/wp\/v2\/types\/product"}],"wp:attachment":[{"href":"https:\/\/www.fusionquimica.com.ar\/quimicos_concentrados_de_limpieza\/wp-json\/wp\/v2\/media?parent=21583"}],"wp:term":[{"taxonomy":"product_cat","embeddable":true,"href":"https:\/\/www.fusionquimica.com.ar\/quimicos_concentrados_de_limpieza\/wp-json\/wp\/v2\/product_cat?post=21583"},{"taxonomy":"product_tag","embeddable":true,"href":"https:\/\/www.fusionquimica.com.ar\/quimicos_concentrados_de_limpieza\/wp-json\/wp\/v2\/product_tag?post=21583"}],"curies":[{"name":"wp","href":"https:\/\/api.w.org\/{rel}","templated":true}]}}